{"id":4072,"date":"2022-01-23T14:42:15","date_gmt":"2022-01-23T14:42:15","guid":{"rendered":"http:\/\/clinicamoderna.pt\/qui-sommes-nous\/"},"modified":"2022-03-14T17:15:26","modified_gmt":"2022-03-14T17:15:26","slug":"qui-sommes-nous","status":"publish","type":"page","link":"https:\/\/clinicamoderna.pt\/fr\/qui-sommes-nous\/","title":{"rendered":"Qui sommes-nous"},"content":{"rendered":"<p>[vc_row][vc_column][vc_column_text icon_type=\u00a0\u00bbfontawesome\u00a0\u00bb]<div class=\"vc_row wpb_row vc_row-fluid vc_column-gap-30 vc_row-o-content-middle vc_row-flex\">\n       <div class=\"wpb_column vc_column_container vc_col-sm-6\">\n          <div class=\"vc_column-inner\">\n             <div class=\"wpb_wrapper\">\n                <div class=\"wpb_single_image wpb_content_element vc_align_left  vc_custom_1539179564765\">\n                   <figure class=\"wpb_wrapper vc_figure\">\n                      <div class=\"vc_single_image-wrapper   vc_box_border_grey\"><img decoding=\"async\" src=\"https:\/\/clinicamoderna.pt\/wp-content\/uploads\/2022\/02\/DSCF0366-scaled.jpg\" class=\"vc_single_image-img attachment-full\" alt=\"\" loading=\"lazy\" sizes=\"auto, (max-width: 1000px) 100vw, 1000px\" width=\"1000\" height=\"700\"><\/div>\n                   <\/figure>\n                <\/div>\n             <\/div>\n          <\/div>\n       <\/div>\n       <div class=\"wpb_column vc_column_container vc_col-sm-6\">\n          <div class=\"vc_column-inner\">\n             <div class=\"wpb_wrapper\">\n                <h3 class=\"anps-heading\" style=\"text-align: left; \"><span style=\"font-weight: 400; margin-bottom: 15px; line-height: 1.3;\" data-rstyle=\"margin-bottom:|||15;font-size:|||;line-height:|||1.3;\" class=\" anps-heading__text\">D\u00e9couvrez un peu de notre histoire<\/span><\/h3>\n                <div class=\"wpb_text_column wpb_content_element  vc_custom_1540208350291\">\n                   <div class=\"wpb_wrapper\">\n                   <p>Cl\u00ednica Moderna b\u00e9n\u00e9ficie d'un emplacement privil\u00e9gi\u00e9 dans le centre de Ponta Delgada en face du Jardim Antero de Quental, \u00e9galement connu sous le nom de Jardim do Col\u00e9gio et \u00e0 50 m du Parque do Castilho.<\/p>\n<p>Le projet de la clinique moderne a commenc\u00e9 en 2011 avec la d\u00e9molition de l'ancienne \u00e9cole de conduite centrale (Estrela da Manh\u00e3) suivie de la construction d'un tout nouveau b\u00e2timent, con\u00e7u et \u00e9quip\u00e9 pour les exigences de la modernit\u00e9.<\/p>\n<p>En janvier 2013, la clinique moderne a commenc\u00e9 \u00e0 fonctionner aux 1er et 2\u00e8me \u00e9tages de l'immeuble de la Rua Dr Aristides Moreira da Mota n\u00ba49 \u00e0 55.<\/p>\n<p>En janvier 2022, la Cl\u00ednica Moderna a fait l'objet d'une r\u00e9novation du b\u00e2timent (3e \u00e9tage) et d'une mise \u00e0 jour des \u00e9quipements afin d'\u00eatre pr\u00e9par\u00e9e pour l'avenir.<\/p>\n\n                   <\/div>\n                <\/div>\n                \n             <\/div>\n          <\/div>\n       <\/div>\n    <\/div>[\/vc_column_text][\/vc_column][\/vc_row][vc_row][vc_column]<div data-rstyle=\"height:|40|50|60;\" class='anps-empty-space'><\/div>[\/vc_column][\/vc_row][vc_row][vc_column][vc_column_text icon_type=\u00a0\u00bbfontawesome\u00a0\u00bb]<div class=\"vc_row wpb_row vc_row-fluid vc_column-gap-30 vc_row-o-content-middle vc_row-flex\">\n       <div class=\"wpb_column vc_column_container vc_col-sm-6\">\n          <div class=\"vc_column-inner\">\n             <div class=\"wpb_wrapper\">\n                <h3 class=\"anps-heading\" style=\"text-align: left; \"><span style=\"font-weight: 400; margin-bottom: 20px;\" data-rstyle=\"margin-bottom:|||20;font-size:|||;line-height:|||;\" class=\" anps-heading__text\">Ce que nous faisons<\/span><\/h3>\n                <div class=\"wpb_text_column wpb_content_element  vc_custom_1524228937667\">\n                   <div class=\"wpb_wrapper\">\n                    <p>Cl\u00ednica Moderna dispose d'une \u00e9quipe m\u00e9dicale sp\u00e9cialis\u00e9e capable de vous fournir l'excellence du traitement dont vous avez besoin. Nous nous concentrons actuellement davantage sur le domaine de la sant\u00e9 bucco-dentaire. Dans le but d'offrir une solution compl\u00e8te et abordable.<\/p>\n<p>Gr\u00e2ce \u00e0 nos services les plus vari\u00e9s, nous disposons de traitements capables de r\u00e9cup\u00e9rer, de soigner et de rendre le sourire dont vous r\u00eavez tant.<\/p>\n\n                   <\/div>\n                <\/div>\n             <\/div>\n          <\/div>\n       <\/div>\n       <div class=\"wpb_column vc_column_container vc_col-sm-6\">\n          <div class=\"vc_column-inner\">\n             <div class=\"wpb_wrapper\">\n                <div class=\"anps-side-container\" style=\"width: 842.21px; right: auto;\">\n                   <div class=\"anps-box\">\n                      <div class=\"anps-box__wrap\">\n                         <div class=\"wpb_single_image wpb_content_element vc_align_left\">\n                            <figure class=\"wpb_wrapper vc_figure\">\n                               <div class=\"vc_single_image-wrapper   vc_box_border_grey\"><img decoding=\"async\" src=\"https:\/\/clinicamoderna.pt\/wp-content\/uploads\/2022\/03\/DSCF0316-scaled.jpg\" class=\"vc_single_image-img attachment-full\" alt=\"\" loading=\"lazy\" sizes=\"auto, (max-width: 1000px) 100vw, 1000px\" width=\"1000\" height=\"600\"><\/div>\n                            <\/figure>\n                         <\/div>\n                      <\/div>\n                   <\/div>\n                <\/div>\n             <\/div>\n          <\/div>\n       <\/div>\n    <\/div>[\/vc_column_text][\/vc_column][\/vc_row][vc_row][vc_column]<div data-rstyle=\"height:|50|60|70;\" class='anps-empty-space'><\/div>[\/vc_column][\/vc_row][vc_row][vc_column][vc_column_text icon_type=\u00a0\u00bbfontawesome\u00a0\u00bb]<div class=\"vc_row wpb_row vc_row-fluid\">\n       <div class=\"wpb_column vc_column_container vc_col-sm-12 vc_col-md-offset-2 vc_col-md-8\">\n          <div class=\"vc_column-inner\">\n             <div class=\"wpb_wrapper\">\n                <h3 class=\"anps-heading\" style=\"text-align: center; \"><span style=\"font-weight: 400; margin-bottom: 20px;\" data-rstyle=\"margin-bottom:|||20;font-size:|||;line-height:|||;\" class=\" anps-heading__text\">Avantages<\/span><\/h3>\n                <div class=\"anps-heading\" style=\"text-align: center; \">\n                <p>Nous sommes le partenaire id\u00e9al pour prendre soin de vous et de vos dents.<\/p>\n\n                <\/div>\n             <\/div>\n          <\/div>\n       <\/div>\n    <\/div>\n    <div class=\"vantagens_container vc_row wpb_row vc_row-fluid vc_column-gap-30\">\n      <div class=\"wpb_column vc_column_container vc_col-sm-6\">\n                <div class=\"vc_column-inner\">\n                    <div class=\"wpb_wrapper\">\n                        <div class=\"anps-icon anps-icon--left-content anps-icon--v-top\">\n                            <div class=\"anps-icon__col anps-icon__col--icon\">\n                            <div style=\"color: rgb(6, 177, 123); font-size: 18px; width: 40px; height: 40px; margin-right: 25px; margin-bottom: 25px; margin-left: 25px;\" class=\"anps-icon__wrap custom_icon_vantagem vc_custom_1521193176589\"><i style=\"color: rgb(6, 177, 123);\" class=\"anps-icon__icon fa fa-check custom_icon_vantagem\"><\/i><\/div>\n                            <\/div>\n                            <div class=\"anps-icon__col anps-icon__col--content\">\n                            <h5 class=\"anps-heading\" style=\"text-align: left; \"><span style=\"font-weight: 600; margin-bottom: 10px;\" data-rstyle=\"margin-bottom:|||10;font-size:|||;line-height:|||;\" class=\" anps-heading__text\">Nous avons plus de 10 services<\/span><\/h5>\n                            <div class=\"wpb_text_column wpb_content_element  vc_custom_1524229105549\">\n                                <div class=\"wpb_wrapper\">\n                                    <div style=\"text-align: left\">De la chirurgie buccale \u00e0 la simple hygi\u00e8ne buccale, nous sommes capables de tout!<\/div>\n                                <\/div>\n                            <\/div>\n                            <\/div>\n                        <\/div>\n                    <\/div>\n                <\/div>\n            <\/div><div class=\"wpb_column vc_column_container vc_col-sm-6\">\n                <div class=\"vc_column-inner\">\n                    <div class=\"wpb_wrapper\">\n                        <div class=\"anps-icon anps-icon--left-content anps-icon--v-top\">\n                            <div class=\"anps-icon__col anps-icon__col--icon\">\n                            <div style=\"color: rgb(6, 177, 123); font-size: 18px; width: 40px; height: 40px; margin-right: 25px; margin-bottom: 25px; margin-left: 25px;\" class=\"anps-icon__wrap custom_icon_vantagem vc_custom_1521193176589\"><i style=\"color: rgb(6, 177, 123);\" class=\"anps-icon__icon fa fa-check custom_icon_vantagem\"><\/i><\/div>\n                            <\/div>\n                            <div class=\"anps-icon__col anps-icon__col--content\">\n                            <h5 class=\"anps-heading\" style=\"text-align: left; \"><span style=\"font-weight: 600; margin-bottom: 10px;\" data-rstyle=\"margin-bottom:|||10;font-size:|||;line-height:|||;\" class=\" anps-heading__text\">Nous sommes partenaires de plus de 20 compagnies d'assurances!<\/span><\/h5>\n                            <div class=\"wpb_text_column wpb_content_element  vc_custom_1524229105549\">\n                                <div class=\"wpb_wrapper\">\n                                    <div style=\"text-align: left\">Trouvez votre compagnie d'assurance et prenez soin de votre sourire.<\/div>\n                                <\/div>\n                            <\/div>\n                            <\/div>\n                        <\/div>\n                    <\/div>\n                <\/div>\n            <\/div><div class=\"wpb_column vc_column_container vc_col-sm-6\">\n                <div class=\"vc_column-inner\">\n                    <div class=\"wpb_wrapper\">\n                        <div class=\"anps-icon anps-icon--left-content anps-icon--v-top\">\n                            <div class=\"anps-icon__col anps-icon__col--icon\">\n                            <div style=\"color: rgb(6, 177, 123); font-size: 18px; width: 40px; height: 40px; margin-right: 25px; margin-bottom: 25px; margin-left: 25px;\" class=\"anps-icon__wrap custom_icon_vantagem vc_custom_1521193176589\"><i style=\"color: rgb(6, 177, 123);\" class=\"anps-icon__icon fa fa-check custom_icon_vantagem\"><\/i><\/div>\n                            <\/div>\n                            <div class=\"anps-icon__col anps-icon__col--content\">\n                            <h5 class=\"anps-heading\" style=\"text-align: left; \"><span style=\"font-weight: 600; margin-bottom: 10px;\" data-rstyle=\"margin-bottom:|||10;font-size:|||;line-height:|||;\" class=\" anps-heading__text\">Nous avons le meilleur \u00e9quipement!<\/span><\/h5>\n                            <div class=\"wpb_text_column wpb_content_element  vc_custom_1524229105549\">\n                                <div class=\"wpb_wrapper\">\n                                    <div style=\"text-align: left\">Gr\u00e2ce \u00e0 ces \u00e9quipements de technologie num\u00e9rique, nous sommes capables de travailler plus grand !<\/div>\n                                <\/div>\n                            <\/div>\n                            <\/div>\n                        <\/div>\n                    <\/div>\n                <\/div>\n            <\/div><div class=\"wpb_column vc_column_container vc_col-sm-6\">\n                <div class=\"vc_column-inner\">\n                    <div class=\"wpb_wrapper\">\n                        <div class=\"anps-icon anps-icon--left-content anps-icon--v-top\">\n                            <div class=\"anps-icon__col anps-icon__col--icon\">\n                            <div style=\"color: rgb(6, 177, 123); font-size: 18px; width: 40px; height: 40px; margin-right: 25px; margin-bottom: 25px; margin-left: 25px;\" class=\"anps-icon__wrap custom_icon_vantagem vc_custom_1521193176589\"><i style=\"color: rgb(6, 177, 123);\" class=\"anps-icon__icon fa fa-check custom_icon_vantagem\"><\/i><\/div>\n                            <\/div>\n                            <div class=\"anps-icon__col anps-icon__col--content\">\n                            <h5 class=\"anps-heading\" style=\"text-align: left; \"><span style=\"font-weight: 600; margin-bottom: 10px;\" data-rstyle=\"margin-bottom:|||10;font-size:|||;line-height:|||;\" class=\" anps-heading__text\">Nous vous proposons un suivi personnalis\u00e9<\/span><\/h5>\n                            <div class=\"wpb_text_column wpb_content_element  vc_custom_1524229105549\">\n                                <div class=\"wpb_wrapper\">\n                                    <div style=\"text-align: left\">Chez Cl\u00ednica Moderna, nous trouvons la meilleure solution pour votre sourire.<\/div>\n                                <\/div>\n                            <\/div>\n                            <\/div>\n                        <\/div>\n                    <\/div>\n                <\/div>\n            <\/div><div class=\"wpb_column vc_column_container vc_col-sm-6\">\n                <div class=\"vc_column-inner\">\n                    <div class=\"wpb_wrapper\">\n                        <div class=\"anps-icon anps-icon--left-content anps-icon--v-top\">\n                            <div class=\"anps-icon__col anps-icon__col--icon\">\n                            <div style=\"color: rgb(6, 177, 123); font-size: 18px; width: 40px; height: 40px; margin-right: 25px; margin-bottom: 25px; margin-left: 25px;\" class=\"anps-icon__wrap custom_icon_vantagem vc_custom_1521193176589\"><i style=\"color: rgb(6, 177, 123);\" class=\"anps-icon__icon fa fa-check custom_icon_vantagem\"><\/i><\/div>\n                            <\/div>\n                            <div class=\"anps-icon__col anps-icon__col--content\">\n                            <h5 class=\"anps-heading\" style=\"text-align: left; \"><span style=\"font-weight: 600; margin-bottom: 10px;\" data-rstyle=\"margin-bottom:|||10;font-size:|||;line-height:|||;\" class=\" anps-heading__text\">Nous avons un service m\u00e9dical d'urgence!<\/span><\/h5>\n                            <div class=\"wpb_text_column wpb_content_element  vc_custom_1524229105549\">\n                                <div class=\"wpb_wrapper\">\n                                    <div style=\"text-align: left\">Chaque fois que vous en avez besoin, \u00e0 tout moment, n'importe quel jour, nous sommes pr\u00eats \u00e0 prendre soin de vous.<\/div>\n                                <\/div>\n                            <\/div>\n                            <\/div>\n                        <\/div>\n                    <\/div>\n                <\/div>\n            <\/div>\n    <\/div>\n\n[\/vc_column_text][\/vc_column][\/vc_row]<\/p>\n","protected":false},"excerpt":{"rendered":"<p>[vc_row][vc_column][vc_column_text icon_type=\u00a0\u00bbfontawesome\u00a0\u00bb][\/vc_column_text][\/vc_column][\/vc_row][vc_row][vc_column][\/vc_column][\/vc_row][vc_row][vc_column][vc_column_text icon_type=\u00a0\u00bbfontawesome\u00a0\u00bb][\/vc_column_text][\/vc_column][\/vc_row][vc_row][vc_column][\/vc_column][\/vc_row][vc_row][vc_column][vc_column_text icon_type=\u00a0\u00bbfontawesome\u00a0\u00bb][\/vc_column_text][\/vc_column][\/vc_row]<\/p>\n","protected":false},"author":1,"featured_media":0,"parent":0,"menu_order":0,"comment_status":"closed","ping_status":"closed","template":"","meta":{"footnotes":""},"class_list":["post-4072","page","type-page","status-publish","hentry"],"yoast_head":"<!-- This site is optimized with the Yoast SEO plugin v24.3 - https:\/\/yoast.com\/wordpress\/plugins\/seo\/ -->\n<title>Qui sommes-nous - Clinica Moderna<\/title>\n<meta name=\"description\" content=\"La sant\u00e9 bucco dentaire est importante pour nous. Assurez-vous de prendre soin de vous et de rendre votre sourire de plus en plus parfait.\" \/>\n<meta name=\"robots\" content=\"index, follow, max-snippet:-1, max-image-preview:large, max-video-preview:-1\" \/>\n<link rel=\"canonical\" href=\"https:\/\/clinicamoderna.pt\/fr\/qui-sommes-nous\/\" \/>\n<meta property=\"og:locale\" content=\"fr_FR\" \/>\n<meta property=\"og:type\" content=\"article\" \/>\n<meta property=\"og:title\" content=\"Qui sommes-nous - Clinica Moderna\" \/>\n<meta property=\"og:description\" content=\"La sant\u00e9 bucco dentaire est importante pour nous. Assurez-vous de prendre soin de vous et de rendre votre sourire de plus en plus parfait.\" \/>\n<meta property=\"og:url\" content=\"https:\/\/clinicamoderna.pt\/fr\/qui-sommes-nous\/\" \/>\n<meta property=\"og:site_name\" content=\"Clinica Moderna\" \/>\n<meta property=\"article:modified_time\" content=\"2022-03-14T17:15:26+00:00\" \/>\n<meta name=\"twitter:card\" content=\"summary_large_image\" \/>\n<script type=\"application\/ld+json\" class=\"yoast-schema-graph\">{\"@context\":\"https:\/\/schema.org\",\"@graph\":[{\"@type\":\"WebPage\",\"@id\":\"https:\/\/clinicamoderna.pt\/fr\/qui-sommes-nous\/\",\"url\":\"https:\/\/clinicamoderna.pt\/fr\/qui-sommes-nous\/\",\"name\":\"Qui sommes-nous - Clinica Moderna\",\"isPartOf\":{\"@id\":\"https:\/\/clinicamoderna.pt\/#website\"},\"datePublished\":\"2022-01-23T14:42:15+00:00\",\"dateModified\":\"2022-03-14T17:15:26+00:00\",\"description\":\"La sant\u00e9 bucco dentaire est importante pour nous. Assurez-vous de prendre soin de vous et de rendre votre sourire de plus en plus parfait.\",\"inLanguage\":\"fr-FR\",\"potentialAction\":[{\"@type\":\"ReadAction\",\"target\":[\"https:\/\/clinicamoderna.pt\/fr\/qui-sommes-nous\/\"]}]},{\"@type\":\"WebSite\",\"@id\":\"https:\/\/clinicamoderna.pt\/#website\",\"url\":\"https:\/\/clinicamoderna.pt\/\",\"name\":\"Clinica Moderna\",\"description\":\"Mais um site WordPress\",\"potentialAction\":[{\"@type\":\"SearchAction\",\"target\":{\"@type\":\"EntryPoint\",\"urlTemplate\":\"https:\/\/clinicamoderna.pt\/?s={search_term_string}\"},\"query-input\":{\"@type\":\"PropertyValueSpecification\",\"valueRequired\":true,\"valueName\":\"search_term_string\"}}],\"inLanguage\":\"fr-FR\"}]}<\/script>\n<!-- \/ Yoast SEO plugin. -->","yoast_head_json":{"title":"Qui sommes-nous - Clinica Moderna","description":"La sant\u00e9 bucco dentaire est importante pour nous. Assurez-vous de prendre soin de vous et de rendre votre sourire de plus en plus parfait.","robots":{"index":"index","follow":"follow","max-snippet":"max-snippet:-1","max-image-preview":"max-image-preview:large","max-video-preview":"max-video-preview:-1"},"canonical":"https:\/\/clinicamoderna.pt\/fr\/qui-sommes-nous\/","og_locale":"fr_FR","og_type":"article","og_title":"Qui sommes-nous - Clinica Moderna","og_description":"La sant\u00e9 bucco dentaire est importante pour nous. Assurez-vous de prendre soin de vous et de rendre votre sourire de plus en plus parfait.","og_url":"https:\/\/clinicamoderna.pt\/fr\/qui-sommes-nous\/","og_site_name":"Clinica Moderna","article_modified_time":"2022-03-14T17:15:26+00:00","twitter_card":"summary_large_image","schema":{"@context":"https:\/\/schema.org","@graph":[{"@type":"WebPage","@id":"https:\/\/clinicamoderna.pt\/fr\/qui-sommes-nous\/","url":"https:\/\/clinicamoderna.pt\/fr\/qui-sommes-nous\/","name":"Qui sommes-nous - Clinica Moderna","isPartOf":{"@id":"https:\/\/clinicamoderna.pt\/#website"},"datePublished":"2022-01-23T14:42:15+00:00","dateModified":"2022-03-14T17:15:26+00:00","description":"La sant\u00e9 bucco dentaire est importante pour nous. Assurez-vous de prendre soin de vous et de rendre votre sourire de plus en plus parfait.","inLanguage":"fr-FR","potentialAction":[{"@type":"ReadAction","target":["https:\/\/clinicamoderna.pt\/fr\/qui-sommes-nous\/"]}]},{"@type":"WebSite","@id":"https:\/\/clinicamoderna.pt\/#website","url":"https:\/\/clinicamoderna.pt\/","name":"Clinica Moderna","description":"Mais um site WordPress","potentialAction":[{"@type":"SearchAction","target":{"@type":"EntryPoint","urlTemplate":"https:\/\/clinicamoderna.pt\/?s={search_term_string}"},"query-input":{"@type":"PropertyValueSpecification","valueRequired":true,"valueName":"search_term_string"}}],"inLanguage":"fr-FR"}]}},"_links":{"self":[{"href":"https:\/\/clinicamoderna.pt\/fr\/wp-json\/wp\/v2\/pages\/4072","targetHints":{"allow":["GET"]}}],"collection":[{"href":"https:\/\/clinicamoderna.pt\/fr\/wp-json\/wp\/v2\/pages"}],"about":[{"href":"https:\/\/clinicamoderna.pt\/fr\/wp-json\/wp\/v2\/types\/page"}],"author":[{"embeddable":true,"href":"https:\/\/clinicamoderna.pt\/fr\/wp-json\/wp\/v2\/users\/1"}],"replies":[{"embeddable":true,"href":"https:\/\/clinicamoderna.pt\/fr\/wp-json\/wp\/v2\/comments?post=4072"}],"version-history":[{"count":16,"href":"https:\/\/clinicamoderna.pt\/fr\/wp-json\/wp\/v2\/pages\/4072\/revisions"}],"predecessor-version":[{"id":5120,"href":"https:\/\/clinicamoderna.pt\/fr\/wp-json\/wp\/v2\/pages\/4072\/revisions\/5120"}],"wp:attachment":[{"href":"https:\/\/clinicamoderna.pt\/fr\/wp-json\/wp\/v2\/media?parent=4072"}],"curies":[{"name":"wp","href":"https:\/\/api.w.org\/{rel}","templated":true}]}}